{"id":588,"date":"2020-12-09T11:53:38","date_gmt":"2020-12-09T10:53:38","guid":{"rendered":"https:\/\/noclegi-pobierowo.pl\/?page_id=588"},"modified":"2021-02-15T10:19:01","modified_gmt":"2021-02-15T09:19:01","slug":"kontakt","status":"publish","type":"page","link":"https:\/\/noclegi-pobierowo.pl\/en\/kontakt","title":{"rendered":"Contact"},"content":{"rendered":"","protected":false},"excerpt":{"rendered":"","protected":false},"author":1,"featured_media":0,"parent":0,"menu_order":0,"comment_status":"closed","ping_status":"closed","template":"","meta":{"footnotes":""},"class_list":["post-588","page","type-page","status-publish","hentry"],"yoast_head":"<!-- This site is optimized with the Yoast SEO plugin v23.3 - https:\/\/yoast.com\/wordpress\/plugins\/seo\/ -->\n<title>Kontakt - Polskie morze<\/title>\n<meta name=\"description\" content=\"W unikalnej lokalizacji i zabudowie nawi\u0105zuj\u0105cej do stylistyki skandynawskich dom\u00f3w drewnianych powsta\u0142 O\u015brodek Noclegowo - Wypoczynkowy Polskie Morze. To wymarzone miejsce wypoczynku dla wszystkich zm\u0119czonych wielkomiejskim gwarem, doceniaj\u0105cych pi\u0119kno przyrody nadmorskiego krajobrazu.\" \/>\n<meta name=\"robots\" content=\"index, follow, max-snippet:-1, max-image-preview:large, max-video-preview:-1\" \/>\n<link rel=\"canonical\" href=\"https:\/\/noclegi-pobierowo.pl\/en\/kontakt\/\" \/>\n<meta property=\"og:locale\" content=\"en_US\" \/>\n<meta property=\"og:type\" content=\"article\" \/>\n<meta property=\"og:title\" content=\"Kontakt - Polskie morze\" \/>\n<meta property=\"og:description\" content=\"W unikalnej lokalizacji i zabudowie nawi\u0105zuj\u0105cej do stylistyki skandynawskich dom\u00f3w drewnianych powsta\u0142 O\u015brodek Noclegowo - Wypoczynkowy Polskie Morze. To wymarzone miejsce wypoczynku dla wszystkich zm\u0119czonych wielkomiejskim gwarem, doceniaj\u0105cych pi\u0119kno przyrody nadmorskiego krajobrazu.\" \/>\n<meta property=\"og:url\" content=\"https:\/\/noclegi-pobierowo.pl\/en\/kontakt\/\" \/>\n<meta property=\"og:site_name\" content=\"Polskie morze\" \/>\n<meta property=\"article:modified_time\" content=\"2021-02-15T09:19:01+00:00\" \/>\n<meta name=\"twitter:card\" content=\"summary_large_image\" \/>\n<script type=\"application\/ld+json\" class=\"yoast-schema-graph\">{\"@context\":\"https:\/\/schema.org\",\"@graph\":[{\"@type\":\"WebPage\",\"@id\":\"https:\/\/noclegi-pobierowo.pl\/kontakt\",\"url\":\"https:\/\/noclegi-pobierowo.pl\/kontakt\",\"name\":\"Kontakt - Polskie morze\",\"isPartOf\":{\"@id\":\"https:\/\/noclegi-pobierowo.pl\/#website\"},\"datePublished\":\"2020-12-09T10:53:38+00:00\",\"dateModified\":\"2021-02-15T09:19:01+00:00\",\"description\":\"W unikalnej lokalizacji i zabudowie nawi\u0105zuj\u0105cej do stylistyki skandynawskich dom\u00f3w drewnianych powsta\u0142 O\u015brodek Noclegowo - Wypoczynkowy Polskie Morze. To wymarzone miejsce wypoczynku dla wszystkich zm\u0119czonych wielkomiejskim gwarem, doceniaj\u0105cych pi\u0119kno przyrody nadmorskiego krajobrazu.\",\"breadcrumb\":{\"@id\":\"https:\/\/noclegi-pobierowo.pl\/kontakt#breadcrumb\"},\"inLanguage\":\"en-US\",\"potentialAction\":[{\"@type\":\"ReadAction\",\"target\":[\"https:\/\/noclegi-pobierowo.pl\/kontakt\"]}]},{\"@type\":\"BreadcrumbList\",\"@id\":\"https:\/\/noclegi-pobierowo.pl\/kontakt#breadcrumb\",\"itemListElement\":[{\"@type\":\"ListItem\",\"position\":1,\"name\":\"Strona g\u0142\u00f3wna\",\"item\":\"https:\/\/noclegi-pobierowo.pl\/\"},{\"@type\":\"ListItem\",\"position\":2,\"name\":\"Kontakt\"}]},{\"@type\":\"WebSite\",\"@id\":\"https:\/\/noclegi-pobierowo.pl\/#website\",\"url\":\"https:\/\/noclegi-pobierowo.pl\/\",\"name\":\"Polskie morze\",\"description\":\"Pobierowo Noclegi\",\"potentialAction\":[{\"@type\":\"SearchAction\",\"target\":{\"@type\":\"EntryPoint\",\"urlTemplate\":\"https:\/\/noclegi-pobierowo.pl\/?s={search_term_string}\"},\"query-input\":\"required name=search_term_string\"}],\"inLanguage\":\"en-US\"}]}<\/script>\n<!-- \/ Yoast SEO plugin. -->","yoast_head_json":{"title":"Kontakt - Polskie morze","description":"W unikalnej lokalizacji i zabudowie nawi\u0105zuj\u0105cej do stylistyki skandynawskich dom\u00f3w drewnianych powsta\u0142 O\u015brodek Noclegowo - Wypoczynkowy Polskie Morze. To wymarzone miejsce wypoczynku dla wszystkich zm\u0119czonych wielkomiejskim gwarem, doceniaj\u0105cych pi\u0119kno przyrody nadmorskiego krajobrazu.","robots":{"index":"index","follow":"follow","max-snippet":"max-snippet:-1","max-image-preview":"max-image-preview:large","max-video-preview":"max-video-preview:-1"},"canonical":"https:\/\/noclegi-pobierowo.pl\/en\/kontakt\/","og_locale":"en_US","og_type":"article","og_title":"Kontakt - Polskie morze","og_description":"W unikalnej lokalizacji i zabudowie nawi\u0105zuj\u0105cej do stylistyki skandynawskich dom\u00f3w drewnianych powsta\u0142 O\u015brodek Noclegowo - Wypoczynkowy Polskie Morze. To wymarzone miejsce wypoczynku dla wszystkich zm\u0119czonych wielkomiejskim gwarem, doceniaj\u0105cych pi\u0119kno przyrody nadmorskiego krajobrazu.","og_url":"https:\/\/noclegi-pobierowo.pl\/en\/kontakt\/","og_site_name":"Polskie morze","article_modified_time":"2021-02-15T09:19:01+00:00","twitter_card":"summary_large_image","schema":{"@context":"https:\/\/schema.org","@graph":[{"@type":"WebPage","@id":"https:\/\/noclegi-pobierowo.pl\/kontakt","url":"https:\/\/noclegi-pobierowo.pl\/kontakt","name":"Kontakt - Polskie morze","isPartOf":{"@id":"https:\/\/noclegi-pobierowo.pl\/#website"},"datePublished":"2020-12-09T10:53:38+00:00","dateModified":"2021-02-15T09:19:01+00:00","description":"W unikalnej lokalizacji i zabudowie nawi\u0105zuj\u0105cej do stylistyki skandynawskich dom\u00f3w drewnianych powsta\u0142 O\u015brodek Noclegowo - Wypoczynkowy Polskie Morze. To wymarzone miejsce wypoczynku dla wszystkich zm\u0119czonych wielkomiejskim gwarem, doceniaj\u0105cych pi\u0119kno przyrody nadmorskiego krajobrazu.","breadcrumb":{"@id":"https:\/\/noclegi-pobierowo.pl\/kontakt#breadcrumb"},"inLanguage":"en-US","potentialAction":[{"@type":"ReadAction","target":["https:\/\/noclegi-pobierowo.pl\/kontakt"]}]},{"@type":"BreadcrumbList","@id":"https:\/\/noclegi-pobierowo.pl\/kontakt#breadcrumb","itemListElement":[{"@type":"ListItem","position":1,"name":"Strona g\u0142\u00f3wna","item":"https:\/\/noclegi-pobierowo.pl\/"},{"@type":"ListItem","position":2,"name":"Kontakt"}]},{"@type":"WebSite","@id":"https:\/\/noclegi-pobierowo.pl\/#website","url":"https:\/\/noclegi-pobierowo.pl\/","name":"Polskie morze","description":"Pobierowo Noclegi","potentialAction":[{"@type":"SearchAction","target":{"@type":"EntryPoint","urlTemplate":"https:\/\/noclegi-pobierowo.pl\/?s={search_term_string}"},"query-input":"required name=search_term_string"}],"inLanguage":"en-US"}]}},"_links":{"self":[{"href":"https:\/\/noclegi-pobierowo.pl\/en\/wp-json\/wp\/v2\/pages\/588"}],"collection":[{"href":"https:\/\/noclegi-pobierowo.pl\/en\/wp-json\/wp\/v2\/pages"}],"about":[{"href":"https:\/\/noclegi-pobierowo.pl\/en\/wp-json\/wp\/v2\/types\/page"}],"author":[{"embeddable":true,"href":"https:\/\/noclegi-pobierowo.pl\/en\/wp-json\/wp\/v2\/users\/1"}],"replies":[{"embeddable":true,"href":"https:\/\/noclegi-pobierowo.pl\/en\/wp-json\/wp\/v2\/comments?post=588"}],"version-history":[{"count":1,"href":"https:\/\/noclegi-pobierowo.pl\/en\/wp-json\/wp\/v2\/pages\/588\/revisions"}],"predecessor-version":[{"id":589,"href":"https:\/\/noclegi-pobierowo.pl\/en\/wp-json\/wp\/v2\/pages\/588\/revisions\/589"}],"wp:attachment":[{"href":"https:\/\/noclegi-pobierowo.pl\/en\/wp-json\/wp\/v2\/media?parent=588"}],"curies":[{"name":"wp","href":"https:\/\/api.w.org\/{rel}","templated":true}]}}