{"id":540,"date":"2020-09-10T10:56:51","date_gmt":"2020-09-10T08:56:51","guid":{"rendered":"https:\/\/noclegi-pobierowo.pl\/?page_id=540"},"modified":"2024-04-21T20:25:51","modified_gmt":"2024-04-21T18:25:51","slug":"galeria","status":"publish","type":"page","link":"https:\/\/noclegi-pobierowo.pl\/en\/galeria","title":{"rendered":"Gallery"},"content":{"rendered":"<section id=\"section-180-540\" class=\"ct-section\" ><div class=\"ct-section-inner-wrap\"><div id=\"text_block-217-540\" class=\"ct-text-block\" >Gallery<\/div><div id=\"text_block-66-540\" class=\"ct-text-block title\" >Zobacz Nasze zdj\u0119cia<\/div><div id=\"_tabs-181-540\" class=\"oxy-tabs-wrapper oxy-tabs\" data-oxy-tabs-active-tab-class='tabs-9180-tab-active' data-oxy-tabs-contents-wrapper='_tabs_contents-202-540' >\nWarning: Invalid argument supplied for foreach() in \/usr\/home\/netfactory\/domains\/noclegi-pobierowo.pl\/public_html\/wp-content\/plugins\/oxygen\/component-framework\/includes\/oxygen-dynamic-shortcodes.php on line 459\n\nWarning: Invalid argument supplied for foreach() in \/usr\/home\/netfactory\/domains\/noclegi-pobierowo.pl\/public_html\/wp-content\/plugins\/oxygen\/component-framework\/includes\/oxygen-dynamic-shortcodes.php on line 459\n\nWarning: Invalid argument supplied for foreach() in \/usr\/home\/netfactory\/domains\/noclegi-pobierowo.pl\/public_html\/wp-content\/plugins\/oxygen\/component-framework\/includes\/oxygen-dynamic-shortcodes.php on line 459\n\nWarning: Invalid argument supplied for foreach() in \/usr\/home\/netfactory\/domains\/noclegi-pobierowo.pl\/public_html\/wp-content\/plugins\/oxygen\/component-framework\/includes\/oxygen-dynamic-shortcodes.php on line 459\n\nWarning: Invalid argument supplied for foreach() in \/usr\/home\/netfactory\/domains\/noclegi-pobierowo.pl\/public_html\/wp-content\/plugins\/oxygen\/component-framework\/includes\/oxygen-dynamic-shortcodes.php on line 459\n\nWarning: Invalid argument supplied for foreach() in \/usr\/home\/netfactory\/domains\/noclegi-pobierowo.pl\/public_html\/wp-content\/plugins\/oxygen\/component-framework\/includes\/oxygen-dynamic-shortcodes.php on line 459\n<div id=\"_tab-182-540\" class=\"oxy-tab tabs-9180-tab tabs-9180-tab-active\" ><div id=\"text_block-183-540\" class=\"ct-text-block\" >All<\/div><\/div><\/div><div id=\"_tabs_contents-202-540\" class=\"oxy-tabs-contents-wrapper oxy-tabs-contents\" >\nWarning: Invalid argument supplied for foreach() in \/usr\/home\/netfactory\/domains\/noclegi-pobierowo.pl\/public_html\/wp-content\/plugins\/oxygen\/component-framework\/includes\/oxygen-dynamic-shortcodes.php on line 459\n\nWarning: Invalid argument supplied for foreach() in \/usr\/home\/netfactory\/domains\/noclegi-pobierowo.pl\/public_html\/wp-content\/plugins\/oxygen\/component-framework\/includes\/oxygen-dynamic-shortcodes.php on line 459\n\nWarning: Invalid argument supplied for foreach() in \/usr\/home\/netfactory\/domains\/noclegi-pobierowo.pl\/public_html\/wp-content\/plugins\/oxygen\/component-framework\/includes\/oxygen-dynamic-shortcodes.php on line 459\n\nWarning: Invalid argument supplied for foreach() in \/usr\/home\/netfactory\/domains\/noclegi-pobierowo.pl\/public_html\/wp-content\/plugins\/oxygen\/component-framework\/includes\/oxygen-dynamic-shortcodes.php on line 459\n\nWarning: Invalid argument supplied for foreach() in \/usr\/home\/netfactory\/domains\/noclegi-pobierowo.pl\/public_html\/wp-content\/plugins\/oxygen\/component-framework\/includes\/oxygen-dynamic-shortcodes.php on line 459\n\nWarning: Invalid argument supplied for foreach() in \/usr\/home\/netfactory\/domains\/noclegi-pobierowo.pl\/public_html\/wp-content\/plugins\/oxygen\/component-framework\/includes\/oxygen-dynamic-shortcodes.php on line 459\n<div id=\"_tab_content-203-540\" class=\"oxy-tab-content tabs-contents-9180-tab  oxy-tabs-contents-content-hidden\" ><div id=\"code_block-204-540\" class=\"ct-code-block\" ><div id=\"gallery-all\" class=\"oxy-gallery gallery-container oxy-gallery-captions oxy-gallery-flex\"><\/div><\/div><\/div><\/div><script type=\"text\/javascript\">var firstTab = document.querySelector('#_tabs_contents-202-540 > .oxy-tabs-contents-content-hidden:first-child'); if(firstTab && firstTab.classList){firstTab.classList.remove(\"oxy-tabs-contents-content-hidden\")};<\/script><\/div><\/section>","protected":false},"excerpt":{"rendered":"","protected":false},"author":1,"featured_media":0,"parent":0,"menu_order":0,"comment_status":"closed","ping_status":"closed","template":"","meta":{"footnotes":""},"class_list":["post-540","page","type-page","status-publish","hentry"],"yoast_head":"<!-- This site is optimized with the Yoast SEO plugin v23.3 - https:\/\/yoast.com\/wordpress\/plugins\/seo\/ -->\n<title>Galeria - Polskie morze<\/title>\n<meta name=\"description\" content=\"W unikalnej lokalizacji i zabudowie nawi\u0105zuj\u0105cej do stylistyki skandynawskich dom\u00f3w drewnianych powsta\u0142 O\u015brodek Noclegowo - Wypoczynkowy Polskie Morze. To wymarzone miejsce wypoczynku dla wszystkich zm\u0119czonych wielkomiejskim gwarem, doceniaj\u0105cych pi\u0119kno przyrody nadmorskiego krajobrazu.\" \/>\n<meta name=\"robots\" content=\"index, follow, max-snippet:-1, max-image-preview:large, max-video-preview:-1\" \/>\n<link rel=\"canonical\" href=\"https:\/\/noclegi-pobierowo.pl\/en\/galeria\/\" \/>\n<meta property=\"og:locale\" content=\"en_US\" \/>\n<meta property=\"og:type\" content=\"article\" \/>\n<meta property=\"og:title\" content=\"Galeria - Polskie morze\" \/>\n<meta property=\"og:description\" content=\"W unikalnej lokalizacji i zabudowie nawi\u0105zuj\u0105cej do stylistyki skandynawskich dom\u00f3w drewnianych powsta\u0142 O\u015brodek Noclegowo - Wypoczynkowy Polskie Morze. To wymarzone miejsce wypoczynku dla wszystkich zm\u0119czonych wielkomiejskim gwarem, doceniaj\u0105cych pi\u0119kno przyrody nadmorskiego krajobrazu.\" \/>\n<meta property=\"og:url\" content=\"https:\/\/noclegi-pobierowo.pl\/en\/galeria\/\" \/>\n<meta property=\"og:site_name\" content=\"Polskie morze\" \/>\n<meta property=\"article:modified_time\" content=\"2024-04-21T18:25:51+00:00\" \/>\n<meta name=\"twitter:card\" content=\"summary_large_image\" \/>\n<script type=\"application\/ld+json\" class=\"yoast-schema-graph\">{\"@context\":\"https:\/\/schema.org\",\"@graph\":[{\"@type\":\"WebPage\",\"@id\":\"https:\/\/noclegi-pobierowo.pl\/galeria\",\"url\":\"https:\/\/noclegi-pobierowo.pl\/galeria\",\"name\":\"Galeria - Polskie morze\",\"isPartOf\":{\"@id\":\"https:\/\/noclegi-pobierowo.pl\/#website\"},\"datePublished\":\"2020-09-10T08:56:51+00:00\",\"dateModified\":\"2024-04-21T18:25:51+00:00\",\"description\":\"W unikalnej lokalizacji i zabudowie nawi\u0105zuj\u0105cej do stylistyki skandynawskich dom\u00f3w drewnianych powsta\u0142 O\u015brodek Noclegowo - Wypoczynkowy Polskie Morze. To wymarzone miejsce wypoczynku dla wszystkich zm\u0119czonych wielkomiejskim gwarem, doceniaj\u0105cych pi\u0119kno przyrody nadmorskiego krajobrazu.\",\"breadcrumb\":{\"@id\":\"https:\/\/noclegi-pobierowo.pl\/galeria#breadcrumb\"},\"inLanguage\":\"en-US\",\"potentialAction\":[{\"@type\":\"ReadAction\",\"target\":[\"https:\/\/noclegi-pobierowo.pl\/galeria\"]}]},{\"@type\":\"BreadcrumbList\",\"@id\":\"https:\/\/noclegi-pobierowo.pl\/galeria#breadcrumb\",\"itemListElement\":[{\"@type\":\"ListItem\",\"position\":1,\"name\":\"Strona g\u0142\u00f3wna\",\"item\":\"https:\/\/noclegi-pobierowo.pl\/\"},{\"@type\":\"ListItem\",\"position\":2,\"name\":\"Galeria\"}]},{\"@type\":\"WebSite\",\"@id\":\"https:\/\/noclegi-pobierowo.pl\/#website\",\"url\":\"https:\/\/noclegi-pobierowo.pl\/\",\"name\":\"Polskie morze\",\"description\":\"Pobierowo Noclegi\",\"potentialAction\":[{\"@type\":\"SearchAction\",\"target\":{\"@type\":\"EntryPoint\",\"urlTemplate\":\"https:\/\/noclegi-pobierowo.pl\/?s={search_term_string}\"},\"query-input\":\"required name=search_term_string\"}],\"inLanguage\":\"en-US\"}]}<\/script>\n<!-- \/ Yoast SEO plugin. -->","yoast_head_json":{"title":"Galeria - Polskie morze","description":"W unikalnej lokalizacji i zabudowie nawi\u0105zuj\u0105cej do stylistyki skandynawskich dom\u00f3w drewnianych powsta\u0142 O\u015brodek Noclegowo - Wypoczynkowy Polskie Morze. To wymarzone miejsce wypoczynku dla wszystkich zm\u0119czonych wielkomiejskim gwarem, doceniaj\u0105cych pi\u0119kno przyrody nadmorskiego krajobrazu.","robots":{"index":"index","follow":"follow","max-snippet":"max-snippet:-1","max-image-preview":"max-image-preview:large","max-video-preview":"max-video-preview:-1"},"canonical":"https:\/\/noclegi-pobierowo.pl\/en\/galeria\/","og_locale":"en_US","og_type":"article","og_title":"Galeria - Polskie morze","og_description":"W unikalnej lokalizacji i zabudowie nawi\u0105zuj\u0105cej do stylistyki skandynawskich dom\u00f3w drewnianych powsta\u0142 O\u015brodek Noclegowo - Wypoczynkowy Polskie Morze. To wymarzone miejsce wypoczynku dla wszystkich zm\u0119czonych wielkomiejskim gwarem, doceniaj\u0105cych pi\u0119kno przyrody nadmorskiego krajobrazu.","og_url":"https:\/\/noclegi-pobierowo.pl\/en\/galeria\/","og_site_name":"Polskie morze","article_modified_time":"2024-04-21T18:25:51+00:00","twitter_card":"summary_large_image","schema":{"@context":"https:\/\/schema.org","@graph":[{"@type":"WebPage","@id":"https:\/\/noclegi-pobierowo.pl\/galeria","url":"https:\/\/noclegi-pobierowo.pl\/galeria","name":"Galeria - Polskie morze","isPartOf":{"@id":"https:\/\/noclegi-pobierowo.pl\/#website"},"datePublished":"2020-09-10T08:56:51+00:00","dateModified":"2024-04-21T18:25:51+00:00","description":"W unikalnej lokalizacji i zabudowie nawi\u0105zuj\u0105cej do stylistyki skandynawskich dom\u00f3w drewnianych powsta\u0142 O\u015brodek Noclegowo - Wypoczynkowy Polskie Morze. To wymarzone miejsce wypoczynku dla wszystkich zm\u0119czonych wielkomiejskim gwarem, doceniaj\u0105cych pi\u0119kno przyrody nadmorskiego krajobrazu.","breadcrumb":{"@id":"https:\/\/noclegi-pobierowo.pl\/galeria#breadcrumb"},"inLanguage":"en-US","potentialAction":[{"@type":"ReadAction","target":["https:\/\/noclegi-pobierowo.pl\/galeria"]}]},{"@type":"BreadcrumbList","@id":"https:\/\/noclegi-pobierowo.pl\/galeria#breadcrumb","itemListElement":[{"@type":"ListItem","position":1,"name":"Strona g\u0142\u00f3wna","item":"https:\/\/noclegi-pobierowo.pl\/"},{"@type":"ListItem","position":2,"name":"Galeria"}]},{"@type":"WebSite","@id":"https:\/\/noclegi-pobierowo.pl\/#website","url":"https:\/\/noclegi-pobierowo.pl\/","name":"Polskie morze","description":"Pobierowo Noclegi","potentialAction":[{"@type":"SearchAction","target":{"@type":"EntryPoint","urlTemplate":"https:\/\/noclegi-pobierowo.pl\/?s={search_term_string}"},"query-input":"required name=search_term_string"}],"inLanguage":"en-US"}]}},"_links":{"self":[{"href":"https:\/\/noclegi-pobierowo.pl\/en\/wp-json\/wp\/v2\/pages\/540"}],"collection":[{"href":"https:\/\/noclegi-pobierowo.pl\/en\/wp-json\/wp\/v2\/pages"}],"about":[{"href":"https:\/\/noclegi-pobierowo.pl\/en\/wp-json\/wp\/v2\/types\/page"}],"author":[{"embeddable":true,"href":"https:\/\/noclegi-pobierowo.pl\/en\/wp-json\/wp\/v2\/users\/1"}],"replies":[{"embeddable":true,"href":"https:\/\/noclegi-pobierowo.pl\/en\/wp-json\/wp\/v2\/comments?post=540"}],"version-history":[{"count":49,"href":"https:\/\/noclegi-pobierowo.pl\/en\/wp-json\/wp\/v2\/pages\/540\/revisions"}],"predecessor-version":[{"id":2153,"href":"https:\/\/noclegi-pobierowo.pl\/en\/wp-json\/wp\/v2\/pages\/540\/revisions\/2153"}],"wp:attachment":[{"href":"https:\/\/noclegi-pobierowo.pl\/en\/wp-json\/wp\/v2\/media?parent=540"}],"curies":[{"name":"wp","href":"https:\/\/api.w.org\/{rel}","templated":true}]}}