{"id":1867,"date":"2021-09-21T09:07:58","date_gmt":"2021-09-21T07:07:58","guid":{"rendered":"https:\/\/noclegi-pobierowo.pl\/?page_id=1867"},"modified":"2021-11-04T15:45:53","modified_gmt":"2021-11-04T14:45:53","slug":"pensjonat","status":"publish","type":"page","link":"https:\/\/noclegi-pobierowo.pl\/en\/pensjonat","title":{"rendered":"Pensjonat"},"content":{"rendered":"<section id=\"section-1286-18\" class=\"ct-section\" ><div class=\"ct-section-inner-wrap\"><div id=\"div_block-3916-18\" class=\"ct-div-block\" ><div id=\"div_block-3917-18\" class=\"ct-div-block\" ><div id=\"div_block-3925-18\" class=\"ct-div-block\" ><div id=\"text_block-3931-18\" class=\"ct-text-block subtitle\" >Onas&nbsp;<\/div><div id=\"text_block-3974-18\" class=\"ct-text-block title\"  data-aos=\"fade-left\" data-aos-duration=\"700\" data-aos-delay=\"200\" data-aos-once=\"true\">O\u015brodek Noclegowo-Wypoczynkowy<\/div><\/div><div id=\"_rich_text-3933-18\" class=\"oxy-rich-text txt\" ><p style=\"margin-bottom: 0cm; line-height: 0.88cm;\"><span style=\"font-family: Times New Roman, serif;\"><span style=\"font-size: large;\">W unikalnej lokalizacji (centrum Pobierowa) tu\u017c przy pa\u015bmie wydm <\/span><\/span><span style=\"font-family: Times New Roman, serif;\"><span style=\"font-size: large;\">usytuowany <\/span><\/span><span style=\"font-family: Times New Roman, serif;\"><span style=\"font-size: large;\"> bliskim s\u0105siedztwie skandynawskich dom&oacute;w drewnianych powsta\u0142 pensjonat <strong>POLSKIE MORZE.<\/strong> Pensjonat <\/span><\/span><span style=\"font-family: Times New Roman, serif;\"><span style=\"font-size: large;\">to <\/span><\/span><span style=\"font-family: Times New Roman, serif;\"><span style=\"font-size: large;\"> 3 kondygnacyjny <\/span><\/span><span style=\"font-family: Times New Roman, serif;\"><span style=\"font-size: large;\">budynek <\/span><\/span><span style=\"font-family: Times New Roman, serif;\"><span style=\"font-size: large;\">oferuj\u0105cy <\/span><\/span><span style=\"font-family: Times New Roman, serif;\"><span style=\"font-size: large;\">dwu i trzyosobow<\/span><\/span><span style=\"font-family: Times New Roman, serif;\"><span style=\"font-size: large;\">e <\/span><\/span> <span style=\"font-family: Times New Roman, serif;\"><span style=\"font-size: large;\">pokoje <\/span><\/span><span style=\"font-family: Times New Roman, serif;\"><span style=\"font-size: large;\">z <\/span><\/span><span style=\"font-family: Times New Roman, serif;\"><span style=\"font-size: large;\">\u0142azienkami <\/span><\/span><span style=\"font-family: Times New Roman, serif;\"><span style=\"font-size: large;\">, a tak\u017ce <\/span><\/span><span style=\"font-family: Times New Roman, serif;\"><span style=\"font-size: large;\">6 osobowe <\/span><\/span><span style=\"font-family: Times New Roman, serif;\"><span style=\"font-size: large;\"> apartament<\/span><\/span><span style=\"font-family: Times New Roman, serif;\"><span style=\"font-size: large;\">y <\/span><\/span><span style=\"font-family: Times New Roman, serif;\"><span style=\"font-size: large;\">ka\u017cdy z prywatn\u0105 kuchni\u0105. <\/span><\/span><span style=\"font-family: Times New Roman, serif;\"><span style=\"font-size: large;\">Dwa tarasy znajduj\u0105ce si\u0119 na parterze i na pierwszym pi\u0119trze budynku <strong>to atrakcyjne miejsce<\/strong> do wypoczynku, relaksu i spotka\u0144. To tu mo\u017cna si\u0119 pi\u0119knie opali\u0107, przeczyta\u0107 interesuj\u0105c\u0105 ksi\u0105\u017ck\u0119 czy napi\u0107 si\u0119 pysznej kawy. <\/span><\/span><span style=\"font-family: Times New Roman, serif;\"><span style=\"font-size: large;\">Ca\u0142y budynek wkomponowany zosta\u0142 w istniej\u0105cy drzewostan lasu sosnowo-\u015bwierkowego i ukszta\u0142towanie terenu wydmowego. <\/span><\/span><\/p>\n<p style=\"margin-bottom: 0cm; line-height: 0.88cm;\"><span style=\"font-family: Times New Roman, serif;\"><span style=\"font-size: large;\">Otaczaj\u0105ca nas kolorystyka be\u017ce, b\u0142\u0119kity, biel, odcienie szaro\u015bci przybli\u017caj\u0105 nas do nadmorskiego klimatu. Ozdoby znajduj\u0105ce si\u0119 w pokojach zach\u0119caj\u0105 do zg\u0142\u0119biania wiedzy o otaczaj\u0105cym nas \u015bwiecie. <\/span><\/span><\/p><\/div><\/div><div id=\"div_block-3922-18\" class=\"ct-div-block arty-b3_img image-wrapper\" ><img decoding=\"async\"  id=\"image-3924-18\" alt=\"\" src=\"https:\/\/noclegi-pobierowo.pl\/wp-content\/uploads\/2021\/11\/min_DSC0011.jpg\" class=\"ct-image cover-image image-in\" data-aos=\"zoom-out\" data-aos-duration=\"1600\" data-aos-once=\"true\"\/><\/div><\/div><\/div><\/section><section id=\"section-4516-1867\" class=\"ct-section\" ><div class=\"ct-section-inner-wrap\"><div id=\"div_block-4517-1867\" class=\"ct-div-block\" >\n        <div id='_icon_box-4518-1867' class='oxy-icon-box icon-box2'  data-aos=\"fade-up\" data-aos-duration=\"1000\" data-aos-once=\"true\">\n          <div class='oxy-icon-box-icon'>\n              <div id=\"fancy_icon-4519-1867\" class=\"ct-fancy-icon\" ><svg id=\"svg-fancy_icon-4519-1867\"><use xlink:href=\"#Lineariconsicon-car\"><\/use><\/svg><\/div>          <\/div>\n          \n          <div class='oxy-icon-box-content'>\n            <h2 id='_icon_box-4518-1867_heading' class='oxy-icon-box-heading oxygenberg-_icon_box-4518-1867_heading'>\n              Parking            <\/h2>\n            <p id='_icon_box-4518-1867_text' class='oxy-icon-box-text oxygenberg-_icon_box-4518-1867_text'>\n              Bezp\u0142atne miejsca parkingowe czekaj\u0105 na wszystkich Go\u015bci.            <\/p>\n            <div class='oxy-icon-box-link'>\n                          <\/div>\n          <\/div>\n        <\/div>\n\n        \n        <div id='_icon_box-4520-1867' class='oxy-icon-box icon-box2'  data-aos=\"fade-up\" data-aos-duration=\"1000\" data-aos-delay=\"200\" data-aos-once=\"true\">\n          <div class='oxy-icon-box-icon'>\n              <div id=\"fancy_icon-4521-1867\" class=\"ct-fancy-icon\" ><svg id=\"svg-fancy_icon-4521-1867\"><use xlink:href=\"#Lineariconsicon-bicycle\"><\/use><\/svg><\/div>          <\/div>\n          \n          <div class='oxy-icon-box-content'>\n            <h2 id='_icon_box-4520-1867_heading' class='oxy-icon-box-heading oxygenberg-_icon_box-4520-1867_heading'>\n              Dodatkowo            <\/h2>\n            <p id='_icon_box-4520-1867_text' class='oxy-icon-box-text oxygenberg-_icon_box-4520-1867_text'>\n              Mo\u017cliwo\u015b\u0107 korzystania z akcesori\u00f3w pla\u017cowych oraz rower\u00f3w.            <\/p>\n            <div class='oxy-icon-box-link'>\n                          <\/div>\n          <\/div>\n        <\/div>\n\n        \n        <div id='_icon_box-4522-1867' class='oxy-icon-box icon-box2'  data-aos=\"fade-up\" data-aos-duration=\"1000\" data-aos-delay=\"400\" data-aos-once=\"true\">\n          <div class='oxy-icon-box-icon'>\n              <div id=\"fancy_icon-4523-1867\" class=\"ct-fancy-icon\" ><svg id=\"svg-fancy_icon-4523-1867\"><use xlink:href=\"#Lineariconsicon-dinner\"><\/use><\/svg><\/div>          <\/div>\n          \n          <div class='oxy-icon-box-content'>\n            <h2 id='_icon_box-4522-1867_heading' class='oxy-icon-box-heading oxygenberg-_icon_box-4522-1867_heading'>\n              Kuchnia            <\/h2>\n            <p id='_icon_box-4522-1867_text' class='oxy-icon-box-text oxygenberg-_icon_box-4522-1867_text'>\n              Mo\u017cliwo\u015b\u0107 korzystania z og\u00f3lnodost\u0119pnej kuchni.&nbsp;            <\/p>\n            <div class='oxy-icon-box-link'>\n                          <\/div>\n          <\/div>\n        <\/div>\n\n        \n        <div id='_icon_box-4524-1867' class='oxy-icon-box icon-box2'  data-aos=\"fade-up\" data-aos-duration=\"1000\" data-aos-delay=\"600\" data-aos-once=\"true\">\n          <div class='oxy-icon-box-icon'>\n              <div id=\"fancy_icon-4525-1867\" class=\"ct-fancy-icon\" ><svg id=\"svg-fancy_icon-4525-1867\"><use xlink:href=\"#Lineariconsicon-paw\"><\/use><\/svg><\/div>          <\/div>\n          \n          <div class='oxy-icon-box-content'>\n            <h2 id='_icon_box-4524-1867_heading' class='oxy-icon-box-heading oxygenberg-_icon_box-4524-1867_heading'>\n              Zwierz\u0119ta            <\/h2>\n            <p id='_icon_box-4524-1867_text' class='oxy-icon-box-text oxygenberg-_icon_box-4524-1867_text'>\n              Umo\u017cliwiamy wypoczynek z pupilem do 10 kg.            <\/p>\n            <div class='oxy-icon-box-link'>\n                          <\/div>\n          <\/div>\n        <\/div>\n\n        <\/div><\/div><\/section><section id=\"section-4502-1867\" class=\"ct-section shapeContainer\" style=\"background-image:linear-gradient(rgba(0,0,0,0.2), rgba(0,0,0,0.2)), url(https:\/\/noclegi-pobierowo.pl\/wp-content\/uploads\/2021\/11\/minIMG_20200324_153043.jpg);background-size:auto,  cover;\" ><div class=\"ct-section-inner-wrap\"><div id=\"div_block-4503-1867\" class=\"ct-div-block\" ><div id=\"text_block-4504-1867\" class=\"ct-text-block\" >Nasz<\/div><div id=\"text_block-4505-1867\" class=\"ct-text-block hero-title\" >Pensjonat<\/div><div id=\"text_block-4506-1867\" class=\"ct-text-block shape-text\" >Wi\u0119kszo\u015b\u0107 pokoi dysponuje tarasem lub balkonem. Ponad to do dyspozycji Go\u015bci jest r\u00f3wnie\u017c du\u017cy, s\u0142oneczny taras do wypoczynku na \u015bwie\u017cym powietrzu.<\/div><div id=\"div_block-4507-1867\" class=\"ct-div-block\" ><a id=\"link_button-4508-1867\" class=\"ct-link-button btn-white-outline\" href=\"#pokoje\" target=\"_self\"  >See more<\/a><\/div><\/div><\/div><\/section><section id=\"pokoje\" class=\"ct-section\" ><div class=\"ct-section-inner-wrap\"><div id=\"div_block-4514-1867\" class=\"ct-div-block\"  data-vue-nf-widget=\"713\"><a id=\"div_block-19-499\" class=\"ct-link cell nf-room-description\" href=\"http:\/\/$$&#039;https:\/\/noclegi-pobierowo.pl\/pokoj\/&#039;+room.roomstandard_id\" target=\"_self\"   v-for=\"room in roomDescriptions\"><div id=\"div_block-28-720\" class=\"ct-div-block\" ><img decoding=\"async\"  id=\"image-29-384\" alt=\"\" src=\"http:\/\/via.placeholder.com\/1600x900\" class=\"ct-image cover-image\" v-bind-nf-src=\"w500-c,room.photos&lt;0&gt;\"\/><div id=\"div_block-593-18\" class=\"ct-div-block\" ><div id=\"text_block-594-18\" class=\"ct-text-block nf-room-name\" >{{room.rsl_name}}<\/div><div id=\"text_block-30-384\" class=\"ct-text-block tile-location\"  v-text=\"room.equipmentsById&lt;100&gt;.value\">Location<\/div><div id=\"div_block-595-18\" class=\"ct-div-block\" ><div id=\"div_block-596-18\" class=\"ct-div-block tooltip-container\"  v-if=\"room.equipmentsById&lt;28&gt;\"><div id=\"fancy_icon-597-18\" class=\"ct-fancy-icon\" ><svg id=\"svg-fancy_icon-597-18\"><use xlink:href=\"#FontAwesomeicon-group\"><\/use><\/svg><\/div><div id=\"text_block-598-18\" class=\"ct-text-block\"  v-text=\"room.equipmentsById&lt;28&gt;.value\">4<\/div><div id=\"text_block-19-499\" class=\"ct-text-block tooltip\"  data-tooltip=\"Ilo\u015b\u0107 os\u00f3b\"><\/div><\/div><div id=\"div_block-599-18\" class=\"ct-div-block tooltip-container\"  v-if=\"room.equipmentsById&lt;71&gt;\"><div id=\"fancy_icon-600-18\" class=\"ct-fancy-icon\" ><svg id=\"svg-fancy_icon-600-18\"><use xlink:href=\"#Hotelicon-Double-Bed\"><\/use><\/svg><\/div><div id=\"text_block-601-18\" class=\"ct-text-block\"  v-text=\"room.equipmentsById&lt;71&gt;.value\">4<\/div><div id=\"text_block-20-499\" class=\"ct-text-block tooltip\"  data-tooltip=\"Ilo\u015b\u0107 pokoi\"><\/div><\/div><div id=\"div_block-602-18\" class=\"ct-div-block tooltip-container\"  v-if=\"room.equipmentsById&lt;23&gt;\"><div id=\"fancy_icon-603-18\" class=\"ct-fancy-icon\" ><svg id=\"svg-fancy_icon-603-18\"><use xlink:href=\"#FontAwesomeicon-square-o\"><\/use><\/svg><\/div><div id=\"text_block-604-18\" class=\"ct-text-block\"  v-text=\"room.equipmentsById&lt;23&gt;.value\">4<\/div><div id=\"text_block-605-18\" class=\"ct-text-block\" >m\u00b2<\/div><div id=\"text_block-21-499\" class=\"ct-text-block tooltip\"  data-tooltip=\"Powierzchnia\"><\/div><\/div><div id=\"div_block-606-18\" class=\"ct-div-block nf-button\"  data-force_search=\"true\" data-adult_count=\"2\" data-offset_top=\"50px\" data-offset_bottom=\"50px\" data-offset_left=\"10%\" data-offset_right=\"10%\" data-settings-id=\"\"><div id=\"text_block-607-18\" class=\"ct-text-block\" >Zarezerwuj<\/div><\/div><\/div><\/div><\/div><\/a><\/div><\/div><\/section>","protected":false},"excerpt":{"rendered":"","protected":false},"author":1,"featured_media":0,"parent":0,"menu_order":0,"comment_status":"closed","ping_status":"closed","template":"","meta":{"footnotes":""},"class_list":["post-1867","page","type-page","status-publish","hentry"],"yoast_head":"<!-- This site is optimized with the Yoast SEO plugin v23.3 - https:\/\/yoast.com\/wordpress\/plugins\/seo\/ -->\n<title>Pensjonat - Polskie morze<\/title>\n<meta name=\"description\" content=\"W unikalnej lokalizacji i zabudowie nawi\u0105zuj\u0105cej do stylistyki skandynawskich dom\u00f3w drewnianych powsta\u0142 O\u015brodek Noclegowo - Wypoczynkowy Polskie Morze. To wymarzone miejsce wypoczynku dla wszystkich zm\u0119czonych wielkomiejskim gwarem, doceniaj\u0105cych pi\u0119kno przyrody nadmorskiego krajobrazu.\" \/>\n<meta name=\"robots\" content=\"index, follow, max-snippet:-1, max-image-preview:large, max-video-preview:-1\" \/>\n<link rel=\"canonical\" href=\"https:\/\/noclegi-pobierowo.pl\/en\/pensjonat\/\" \/>\n<meta property=\"og:locale\" content=\"en_US\" \/>\n<meta property=\"og:type\" content=\"article\" \/>\n<meta property=\"og:title\" content=\"Pensjonat - Polskie morze\" \/>\n<meta property=\"og:description\" content=\"W unikalnej lokalizacji i zabudowie nawi\u0105zuj\u0105cej do stylistyki skandynawskich dom\u00f3w drewnianych powsta\u0142 O\u015brodek Noclegowo - Wypoczynkowy Polskie Morze. To wymarzone miejsce wypoczynku dla wszystkich zm\u0119czonych wielkomiejskim gwarem, doceniaj\u0105cych pi\u0119kno przyrody nadmorskiego krajobrazu.\" \/>\n<meta property=\"og:url\" content=\"https:\/\/noclegi-pobierowo.pl\/en\/pensjonat\/\" \/>\n<meta property=\"og:site_name\" content=\"Polskie morze\" \/>\n<meta property=\"article:modified_time\" content=\"2021-11-04T14:45:53+00:00\" \/>\n<meta name=\"twitter:card\" content=\"summary_large_image\" \/>\n<script type=\"application\/ld+json\" class=\"yoast-schema-graph\">{\"@context\":\"https:\/\/schema.org\",\"@graph\":[{\"@type\":\"WebPage\",\"@id\":\"https:\/\/noclegi-pobierowo.pl\/pensjonat\",\"url\":\"https:\/\/noclegi-pobierowo.pl\/pensjonat\",\"name\":\"Pensjonat - Polskie morze\",\"isPartOf\":{\"@id\":\"https:\/\/noclegi-pobierowo.pl\/#website\"},\"datePublished\":\"2021-09-21T07:07:58+00:00\",\"dateModified\":\"2021-11-04T14:45:53+00:00\",\"description\":\"W unikalnej lokalizacji i zabudowie nawi\u0105zuj\u0105cej do stylistyki skandynawskich dom\u00f3w drewnianych powsta\u0142 O\u015brodek Noclegowo - Wypoczynkowy Polskie Morze. To wymarzone miejsce wypoczynku dla wszystkich zm\u0119czonych wielkomiejskim gwarem, doceniaj\u0105cych pi\u0119kno przyrody nadmorskiego krajobrazu.\",\"breadcrumb\":{\"@id\":\"https:\/\/noclegi-pobierowo.pl\/pensjonat#breadcrumb\"},\"inLanguage\":\"en-US\",\"potentialAction\":[{\"@type\":\"ReadAction\",\"target\":[\"https:\/\/noclegi-pobierowo.pl\/pensjonat\"]}]},{\"@type\":\"BreadcrumbList\",\"@id\":\"https:\/\/noclegi-pobierowo.pl\/pensjonat#breadcrumb\",\"itemListElement\":[{\"@type\":\"ListItem\",\"position\":1,\"name\":\"Strona g\u0142\u00f3wna\",\"item\":\"https:\/\/noclegi-pobierowo.pl\/\"},{\"@type\":\"ListItem\",\"position\":2,\"name\":\"Pensjonat\"}]},{\"@type\":\"WebSite\",\"@id\":\"https:\/\/noclegi-pobierowo.pl\/#website\",\"url\":\"https:\/\/noclegi-pobierowo.pl\/\",\"name\":\"Polskie morze\",\"description\":\"Pobierowo Noclegi\",\"potentialAction\":[{\"@type\":\"SearchAction\",\"target\":{\"@type\":\"EntryPoint\",\"urlTemplate\":\"https:\/\/noclegi-pobierowo.pl\/?s={search_term_string}\"},\"query-input\":\"required name=search_term_string\"}],\"inLanguage\":\"en-US\"}]}<\/script>\n<!-- \/ Yoast SEO plugin. -->","yoast_head_json":{"title":"Pensjonat - Polskie morze","description":"W unikalnej lokalizacji i zabudowie nawi\u0105zuj\u0105cej do stylistyki skandynawskich dom\u00f3w drewnianych powsta\u0142 O\u015brodek Noclegowo - Wypoczynkowy Polskie Morze. To wymarzone miejsce wypoczynku dla wszystkich zm\u0119czonych wielkomiejskim gwarem, doceniaj\u0105cych pi\u0119kno przyrody nadmorskiego krajobrazu.","robots":{"index":"index","follow":"follow","max-snippet":"max-snippet:-1","max-image-preview":"max-image-preview:large","max-video-preview":"max-video-preview:-1"},"canonical":"https:\/\/noclegi-pobierowo.pl\/en\/pensjonat\/","og_locale":"en_US","og_type":"article","og_title":"Pensjonat - Polskie morze","og_description":"W unikalnej lokalizacji i zabudowie nawi\u0105zuj\u0105cej do stylistyki skandynawskich dom\u00f3w drewnianych powsta\u0142 O\u015brodek Noclegowo - Wypoczynkowy Polskie Morze. To wymarzone miejsce wypoczynku dla wszystkich zm\u0119czonych wielkomiejskim gwarem, doceniaj\u0105cych pi\u0119kno przyrody nadmorskiego krajobrazu.","og_url":"https:\/\/noclegi-pobierowo.pl\/en\/pensjonat\/","og_site_name":"Polskie morze","article_modified_time":"2021-11-04T14:45:53+00:00","twitter_card":"summary_large_image","schema":{"@context":"https:\/\/schema.org","@graph":[{"@type":"WebPage","@id":"https:\/\/noclegi-pobierowo.pl\/pensjonat","url":"https:\/\/noclegi-pobierowo.pl\/pensjonat","name":"Pensjonat - Polskie morze","isPartOf":{"@id":"https:\/\/noclegi-pobierowo.pl\/#website"},"datePublished":"2021-09-21T07:07:58+00:00","dateModified":"2021-11-04T14:45:53+00:00","description":"W unikalnej lokalizacji i zabudowie nawi\u0105zuj\u0105cej do stylistyki skandynawskich dom\u00f3w drewnianych powsta\u0142 O\u015brodek Noclegowo - Wypoczynkowy Polskie Morze. To wymarzone miejsce wypoczynku dla wszystkich zm\u0119czonych wielkomiejskim gwarem, doceniaj\u0105cych pi\u0119kno przyrody nadmorskiego krajobrazu.","breadcrumb":{"@id":"https:\/\/noclegi-pobierowo.pl\/pensjonat#breadcrumb"},"inLanguage":"en-US","potentialAction":[{"@type":"ReadAction","target":["https:\/\/noclegi-pobierowo.pl\/pensjonat"]}]},{"@type":"BreadcrumbList","@id":"https:\/\/noclegi-pobierowo.pl\/pensjonat#breadcrumb","itemListElement":[{"@type":"ListItem","position":1,"name":"Strona g\u0142\u00f3wna","item":"https:\/\/noclegi-pobierowo.pl\/"},{"@type":"ListItem","position":2,"name":"Pensjonat"}]},{"@type":"WebSite","@id":"https:\/\/noclegi-pobierowo.pl\/#website","url":"https:\/\/noclegi-pobierowo.pl\/","name":"Polskie morze","description":"Pobierowo Noclegi","potentialAction":[{"@type":"SearchAction","target":{"@type":"EntryPoint","urlTemplate":"https:\/\/noclegi-pobierowo.pl\/?s={search_term_string}"},"query-input":"required name=search_term_string"}],"inLanguage":"en-US"}]}},"_links":{"self":[{"href":"https:\/\/noclegi-pobierowo.pl\/en\/wp-json\/wp\/v2\/pages\/1867"}],"collection":[{"href":"https:\/\/noclegi-pobierowo.pl\/en\/wp-json\/wp\/v2\/pages"}],"about":[{"href":"https:\/\/noclegi-pobierowo.pl\/en\/wp-json\/wp\/v2\/types\/page"}],"author":[{"embeddable":true,"href":"https:\/\/noclegi-pobierowo.pl\/en\/wp-json\/wp\/v2\/users\/1"}],"replies":[{"embeddable":true,"href":"https:\/\/noclegi-pobierowo.pl\/en\/wp-json\/wp\/v2\/comments?post=1867"}],"version-history":[{"count":6,"href":"https:\/\/noclegi-pobierowo.pl\/en\/wp-json\/wp\/v2\/pages\/1867\/revisions"}],"predecessor-version":[{"id":2017,"href":"https:\/\/noclegi-pobierowo.pl\/en\/wp-json\/wp\/v2\/pages\/1867\/revisions\/2017"}],"wp:attachment":[{"href":"https:\/\/noclegi-pobierowo.pl\/en\/wp-json\/wp\/v2\/media?parent=1867"}],"curies":[{"name":"wp","href":"https:\/\/api.w.org\/{rel}","templated":true}]}}