{"id":1865,"date":"2021-09-21T09:07:40","date_gmt":"2021-09-21T07:07:40","guid":{"rendered":"https:\/\/noclegi-pobierowo.pl\/?page_id=1865"},"modified":"2021-09-24T10:24:02","modified_gmt":"2021-09-24T08:24:02","slug":"domki","status":"publish","type":"page","link":"https:\/\/noclegi-pobierowo.pl\/en\/domki","title":{"rendered":"Domki"},"content":{"rendered":"<section id=\"section-1286-18\" class=\"ct-section\" ><div class=\"ct-section-inner-wrap\"><div id=\"div_block-3916-18\" class=\"ct-div-block\" ><div id=\"div_block-3917-18\" class=\"ct-div-block\" ><div id=\"div_block-3925-18\" class=\"ct-div-block\" ><div id=\"text_block-3931-18\" class=\"ct-text-block subtitle\" >Onas&nbsp;<\/div><div id=\"text_block-3974-18\" class=\"ct-text-block title\"  data-aos=\"fade-left\" data-aos-duration=\"700\" data-aos-delay=\"200\" data-aos-once=\"true\">O\u015brodek Noclegowo-Wypoczynkowy<\/div><\/div><div id=\"_rich_text-3933-18\" class=\"oxy-rich-text txt\" ><p><span style=\"color: #54595f; font-family: Montserrat, sans-serif; font-size: 16px;\">Skandynawskie<\/span><span style=\"box-sizing: inherit; font-weight: bolder; color: #54595f; font-family: Montserrat, sans-serif; font-size: 16px;\">&nbsp;domki drewniane<\/span><span style=\"color: #54595f; font-family: Montserrat, sans-serif; font-size: 16px;\">&nbsp;wkomponowano w drzewostan lasu sosnowo - \u015bwierkowego tworz\u0105c tym samym wymarzone miejsce wypoczynku dla wszystkich zm\u0119czonych wielkomiejskim gwarem Go\u015bci. Funkcjonalno\u015b\u0107 i wygoda to atuty wypoczynku w naszych domkach. Polecamy domki letniskowe wszystkim wczasowiczom, szczeg&oacute;lnie rodzinom z dzie\u0107mi.<\/span><\/p><\/div><\/div><div id=\"div_block-3922-18\" class=\"ct-div-block arty-b3_img image-wrapper\" ><img decoding=\"async\"  id=\"image-3924-18\" alt=\"\" src=\"https:\/\/noclegi-pobierowo.pl\/wp-content\/uploads\/2021\/09\/min4261-1-min.jpg\" class=\"ct-image cover-image image-in\" data-aos=\"zoom-out\" data-aos-duration=\"1600\" data-aos-once=\"true\"\/><\/div><\/div><\/div><\/section><section id=\"section-4140-18\" class=\"ct-section shapeContainer\" style=\"background-image:linear-gradient(rgba(0,0,0,0.2), rgba(0,0,0,0.2)), url(https:\/\/noclegi-pobierowo.pl\/wp-content\/uploads\/2021\/09\/2.jpg);background-size:auto,  cover;\" ><div class=\"ct-section-inner-wrap\"><div id=\"div_block-4142-18\" class=\"ct-div-block\" ><div id=\"text_block-4143-18\" class=\"ct-text-block\" >Our<\/div><div id=\"text_block-4144-18\" class=\"ct-text-block hero-title\" >Domki<\/div><div id=\"text_block-4145-18\" class=\"ct-text-block shape-text\" >O\u015brodek posiada zr\u00f3\u017cnicowane standardowo rodzaje zakwaterowania: domki 4 i 5 osobowe oraz 6-8 osobowe z pe\u0142nym w\u0119z\u0142em sanitarnym.<\/div><div id=\"div_block-4500-18\" class=\"ct-div-block\" ><a id=\"link_button-4501-18\" class=\"ct-link-button btn-white-outline\" href=\"#domki\" target=\"_self\"  >See more<\/a><\/div><\/div><\/div><\/section><section id=\"domki\" class=\"ct-section\" ><div class=\"ct-section-inner-wrap\"><div id=\"div_block-4504-1865\" class=\"ct-div-block\"  data-vue-nf-widget=\"713\"><a id=\"div_block-19-499\" class=\"ct-link cell nf-room-description\" href=\"http:\/\/$$&#039;https:\/\/noclegi-pobierowo.pl\/pokoj\/&#039;+room.roomstandard_id\" target=\"_self\"   v-for=\"room in roomDescriptions\"><div id=\"div_block-28-720\" class=\"ct-div-block\" ><img decoding=\"async\"  id=\"image-29-384\" alt=\"\" src=\"http:\/\/via.placeholder.com\/1600x900\" class=\"ct-image cover-image\" v-bind-nf-src=\"w500-c,room.photos&lt;0&gt;\"\/><div id=\"div_block-593-18\" class=\"ct-div-block\" ><div id=\"text_block-594-18\" class=\"ct-text-block nf-room-name\" >{{room.rsl_name}}<\/div><div id=\"text_block-30-384\" class=\"ct-text-block tile-location\"  v-text=\"room.equipmentsById&lt;100&gt;.value\">Location<\/div><div id=\"div_block-595-18\" class=\"ct-div-block\" ><div id=\"div_block-596-18\" class=\"ct-div-block tooltip-container\"  v-if=\"room.equipmentsById&lt;28&gt;\"><div id=\"fancy_icon-597-18\" class=\"ct-fancy-icon\" ><svg id=\"svg-fancy_icon-597-18\"><use xlink:href=\"#FontAwesomeicon-group\"><\/use><\/svg><\/div><div id=\"text_block-598-18\" class=\"ct-text-block\"  v-text=\"room.equipmentsById&lt;28&gt;.value\">4<\/div><div id=\"text_block-19-499\" class=\"ct-text-block tooltip\"  data-tooltip=\"Ilo\u015b\u0107 os\u00f3b\"><\/div><\/div><div id=\"div_block-599-18\" class=\"ct-div-block tooltip-container\"  v-if=\"room.equipmentsById&lt;71&gt;\"><div id=\"fancy_icon-600-18\" class=\"ct-fancy-icon\" ><svg id=\"svg-fancy_icon-600-18\"><use xlink:href=\"#Hotelicon-Double-Bed\"><\/use><\/svg><\/div><div id=\"text_block-601-18\" class=\"ct-text-block\"  v-text=\"room.equipmentsById&lt;71&gt;.value\">4<\/div><div id=\"text_block-20-499\" class=\"ct-text-block tooltip\"  data-tooltip=\"Ilo\u015b\u0107 pokoi\"><\/div><\/div><div id=\"div_block-602-18\" class=\"ct-div-block tooltip-container\"  v-if=\"room.equipmentsById&lt;23&gt;\"><div id=\"fancy_icon-603-18\" class=\"ct-fancy-icon\" ><svg id=\"svg-fancy_icon-603-18\"><use xlink:href=\"#FontAwesomeicon-square-o\"><\/use><\/svg><\/div><div id=\"text_block-604-18\" class=\"ct-text-block\"  v-text=\"room.equipmentsById&lt;23&gt;.value\">4<\/div><div id=\"text_block-605-18\" class=\"ct-text-block\" >m\u00b2<\/div><div id=\"text_block-21-499\" class=\"ct-text-block tooltip\"  data-tooltip=\"Powierzchnia\"><\/div><\/div><div id=\"div_block-606-18\" class=\"ct-div-block nf-button\"  data-force_search=\"true\" data-adult_count=\"2\" data-offset_top=\"50px\" data-offset_bottom=\"50px\" data-offset_left=\"10%\" data-offset_right=\"10%\" data-settings-id=\"\"><div id=\"text_block-607-18\" class=\"ct-text-block\" >Zarezerwuj<\/div><\/div><\/div><\/div><\/div><\/a><\/div><\/div><\/section>","protected":false},"excerpt":{"rendered":"","protected":false},"author":1,"featured_media":0,"parent":0,"menu_order":0,"comment_status":"closed","ping_status":"closed","template":"","meta":{"footnotes":""},"class_list":["post-1865","page","type-page","status-publish","hentry"],"yoast_head":"<!-- This site is optimized with the Yoast SEO plugin v23.3 - https:\/\/yoast.com\/wordpress\/plugins\/seo\/ -->\n<title>Domki - Polskie morze<\/title>\n<meta name=\"description\" content=\"W unikalnej lokalizacji i zabudowie nawi\u0105zuj\u0105cej do stylistyki skandynawskich dom\u00f3w drewnianych powsta\u0142 O\u015brodek Noclegowo - Wypoczynkowy Polskie Morze. To wymarzone miejsce wypoczynku dla wszystkich zm\u0119czonych wielkomiejskim gwarem, doceniaj\u0105cych pi\u0119kno przyrody nadmorskiego krajobrazu.\" \/>\n<meta name=\"robots\" content=\"index, follow, max-snippet:-1, max-image-preview:large, max-video-preview:-1\" \/>\n<link rel=\"canonical\" href=\"https:\/\/noclegi-pobierowo.pl\/en\/domki\/\" \/>\n<meta property=\"og:locale\" content=\"en_US\" \/>\n<meta property=\"og:type\" content=\"article\" \/>\n<meta property=\"og:title\" content=\"Domki - Polskie morze\" \/>\n<meta property=\"og:description\" content=\"W unikalnej lokalizacji i zabudowie nawi\u0105zuj\u0105cej do stylistyki skandynawskich dom\u00f3w drewnianych powsta\u0142 O\u015brodek Noclegowo - Wypoczynkowy Polskie Morze. To wymarzone miejsce wypoczynku dla wszystkich zm\u0119czonych wielkomiejskim gwarem, doceniaj\u0105cych pi\u0119kno przyrody nadmorskiego krajobrazu.\" \/>\n<meta property=\"og:url\" content=\"https:\/\/noclegi-pobierowo.pl\/en\/domki\/\" \/>\n<meta property=\"og:site_name\" content=\"Polskie morze\" \/>\n<meta property=\"article:modified_time\" content=\"2021-09-24T08:24:02+00:00\" \/>\n<meta name=\"twitter:card\" content=\"summary_large_image\" \/>\n<script type=\"application\/ld+json\" class=\"yoast-schema-graph\">{\"@context\":\"https:\/\/schema.org\",\"@graph\":[{\"@type\":\"WebPage\",\"@id\":\"https:\/\/noclegi-pobierowo.pl\/domki\",\"url\":\"https:\/\/noclegi-pobierowo.pl\/domki\",\"name\":\"Domki - Polskie morze\",\"isPartOf\":{\"@id\":\"https:\/\/noclegi-pobierowo.pl\/#website\"},\"datePublished\":\"2021-09-21T07:07:40+00:00\",\"dateModified\":\"2021-09-24T08:24:02+00:00\",\"description\":\"W unikalnej lokalizacji i zabudowie nawi\u0105zuj\u0105cej do stylistyki skandynawskich dom\u00f3w drewnianych powsta\u0142 O\u015brodek Noclegowo - Wypoczynkowy Polskie Morze. To wymarzone miejsce wypoczynku dla wszystkich zm\u0119czonych wielkomiejskim gwarem, doceniaj\u0105cych pi\u0119kno przyrody nadmorskiego krajobrazu.\",\"breadcrumb\":{\"@id\":\"https:\/\/noclegi-pobierowo.pl\/domki#breadcrumb\"},\"inLanguage\":\"en-US\",\"potentialAction\":[{\"@type\":\"ReadAction\",\"target\":[\"https:\/\/noclegi-pobierowo.pl\/domki\"]}]},{\"@type\":\"BreadcrumbList\",\"@id\":\"https:\/\/noclegi-pobierowo.pl\/domki#breadcrumb\",\"itemListElement\":[{\"@type\":\"ListItem\",\"position\":1,\"name\":\"Strona g\u0142\u00f3wna\",\"item\":\"https:\/\/noclegi-pobierowo.pl\/\"},{\"@type\":\"ListItem\",\"position\":2,\"name\":\"Domki\"}]},{\"@type\":\"WebSite\",\"@id\":\"https:\/\/noclegi-pobierowo.pl\/#website\",\"url\":\"https:\/\/noclegi-pobierowo.pl\/\",\"name\":\"Polskie morze\",\"description\":\"Pobierowo Noclegi\",\"potentialAction\":[{\"@type\":\"SearchAction\",\"target\":{\"@type\":\"EntryPoint\",\"urlTemplate\":\"https:\/\/noclegi-pobierowo.pl\/?s={search_term_string}\"},\"query-input\":\"required name=search_term_string\"}],\"inLanguage\":\"en-US\"}]}<\/script>\n<!-- \/ Yoast SEO plugin. -->","yoast_head_json":{"title":"Domki - Polskie morze","description":"W unikalnej lokalizacji i zabudowie nawi\u0105zuj\u0105cej do stylistyki skandynawskich dom\u00f3w drewnianych powsta\u0142 O\u015brodek Noclegowo - Wypoczynkowy Polskie Morze. To wymarzone miejsce wypoczynku dla wszystkich zm\u0119czonych wielkomiejskim gwarem, doceniaj\u0105cych pi\u0119kno przyrody nadmorskiego krajobrazu.","robots":{"index":"index","follow":"follow","max-snippet":"max-snippet:-1","max-image-preview":"max-image-preview:large","max-video-preview":"max-video-preview:-1"},"canonical":"https:\/\/noclegi-pobierowo.pl\/en\/domki\/","og_locale":"en_US","og_type":"article","og_title":"Domki - Polskie morze","og_description":"W unikalnej lokalizacji i zabudowie nawi\u0105zuj\u0105cej do stylistyki skandynawskich dom\u00f3w drewnianych powsta\u0142 O\u015brodek Noclegowo - Wypoczynkowy Polskie Morze. To wymarzone miejsce wypoczynku dla wszystkich zm\u0119czonych wielkomiejskim gwarem, doceniaj\u0105cych pi\u0119kno przyrody nadmorskiego krajobrazu.","og_url":"https:\/\/noclegi-pobierowo.pl\/en\/domki\/","og_site_name":"Polskie morze","article_modified_time":"2021-09-24T08:24:02+00:00","twitter_card":"summary_large_image","schema":{"@context":"https:\/\/schema.org","@graph":[{"@type":"WebPage","@id":"https:\/\/noclegi-pobierowo.pl\/domki","url":"https:\/\/noclegi-pobierowo.pl\/domki","name":"Domki - Polskie morze","isPartOf":{"@id":"https:\/\/noclegi-pobierowo.pl\/#website"},"datePublished":"2021-09-21T07:07:40+00:00","dateModified":"2021-09-24T08:24:02+00:00","description":"W unikalnej lokalizacji i zabudowie nawi\u0105zuj\u0105cej do stylistyki skandynawskich dom\u00f3w drewnianych powsta\u0142 O\u015brodek Noclegowo - Wypoczynkowy Polskie Morze. To wymarzone miejsce wypoczynku dla wszystkich zm\u0119czonych wielkomiejskim gwarem, doceniaj\u0105cych pi\u0119kno przyrody nadmorskiego krajobrazu.","breadcrumb":{"@id":"https:\/\/noclegi-pobierowo.pl\/domki#breadcrumb"},"inLanguage":"en-US","potentialAction":[{"@type":"ReadAction","target":["https:\/\/noclegi-pobierowo.pl\/domki"]}]},{"@type":"BreadcrumbList","@id":"https:\/\/noclegi-pobierowo.pl\/domki#breadcrumb","itemListElement":[{"@type":"ListItem","position":1,"name":"Strona g\u0142\u00f3wna","item":"https:\/\/noclegi-pobierowo.pl\/"},{"@type":"ListItem","position":2,"name":"Domki"}]},{"@type":"WebSite","@id":"https:\/\/noclegi-pobierowo.pl\/#website","url":"https:\/\/noclegi-pobierowo.pl\/","name":"Polskie morze","description":"Pobierowo Noclegi","potentialAction":[{"@type":"SearchAction","target":{"@type":"EntryPoint","urlTemplate":"https:\/\/noclegi-pobierowo.pl\/?s={search_term_string}"},"query-input":"required name=search_term_string"}],"inLanguage":"en-US"}]}},"_links":{"self":[{"href":"https:\/\/noclegi-pobierowo.pl\/en\/wp-json\/wp\/v2\/pages\/1865"}],"collection":[{"href":"https:\/\/noclegi-pobierowo.pl\/en\/wp-json\/wp\/v2\/pages"}],"about":[{"href":"https:\/\/noclegi-pobierowo.pl\/en\/wp-json\/wp\/v2\/types\/page"}],"author":[{"embeddable":true,"href":"https:\/\/noclegi-pobierowo.pl\/en\/wp-json\/wp\/v2\/users\/1"}],"replies":[{"embeddable":true,"href":"https:\/\/noclegi-pobierowo.pl\/en\/wp-json\/wp\/v2\/comments?post=1865"}],"version-history":[{"count":3,"href":"https:\/\/noclegi-pobierowo.pl\/en\/wp-json\/wp\/v2\/pages\/1865\/revisions"}],"predecessor-version":[{"id":1984,"href":"https:\/\/noclegi-pobierowo.pl\/en\/wp-json\/wp\/v2\/pages\/1865\/revisions\/1984"}],"wp:attachment":[{"href":"https:\/\/noclegi-pobierowo.pl\/en\/wp-json\/wp\/v2\/media?parent=1865"}],"curies":[{"name":"wp","href":"https:\/\/api.w.org\/{rel}","templated":true}]}}