{"id":1354,"date":"2021-04-22T09:58:31","date_gmt":"2021-04-22T07:58:31","guid":{"rendered":"https:\/\/noclegi-pobierowo.pl\/?page_id=1354"},"modified":"2021-09-28T09:31:56","modified_gmt":"2021-09-28T07:31:56","slug":"okolica","status":"publish","type":"page","link":"https:\/\/noclegi-pobierowo.pl\/en\/okolica","title":{"rendered":"Local attractions"},"content":{"rendered":"<section id=\"section-59-1354\" class=\"ct-section\" ><div class=\"ct-section-inner-wrap\"><div id=\"text_block-60-1354\" class=\"ct-text-block title\"  data-aos=\"fade-left\" data-aos-duration=\"700\" data-aos-delay=\"200\" data-aos-once=\"true\">Attraction<\/div><div id=\"text_block-658-1354\" class=\"ct-text-block\" >Atrakcje w Pobierowie i najbli\u017cszej okolicy.&nbsp;<\/div><div id=\"_dynamic_list-660-1354\" class=\"oxy-dynamic-list\"><div id=\"div_block-661-1354-1\" class=\"ct-div-block attr\" data-id=\"div_block-661-1354\"><div id=\"div_block-674-1354-1\" class=\"ct-div-block\" data-id=\"div_block-674-1354\"><div id=\"div_block-675-1354-1\" class=\"ct-div-block attr-text\" data-id=\"div_block-675-1354\"><div id=\"div_block-676-1354-1\" class=\"ct-div-block\" data-id=\"div_block-676-1354\"><div id=\"text_block-677-1354-1\" class=\"ct-text-block subtitle\" data-id=\"text_block-677-1354\"><span id=\"span-809-1354\" class=\"ct-span\" >Dla Dzieci<\/span><\/div><div id=\"text_block-678-1354-1\" class=\"ct-text-block title\" data-aos=\"fade-left\" data-aos-duration=\"700\" data-aos-delay=\"200\" data-aos-once=\"true\" data-id=\"text_block-678-1354\"><span id=\"span-781-1354\" class=\"ct-span\" >Magiczny Domek<\/span><\/div><\/div><div id=\"text_block-794-1354-1\" class=\"ct-text-block\" data-id=\"text_block-794-1354\"><span id=\"span-796-1354\" class=\"ct-span\" ><p>Wyobra\u017acie sobie dom w kt\u00f3rym grawitacja nie istnieje, st\u00f3\u0142 stoi na \"suficie\" i nie spada, a my chodzimy po stropie z tym, \u017ce nie g\u0142ow\u0105 w d\u00f3\u0142. Dom gdzie wszystko jest odwr\u00f3cone o 180 stopni. Je\u017celi jeszcze nie potraficie sobie tego wyobrazi\u0107 to zapraszamy do \"<strong>MAGICZNEGO DOMKU<\/strong>\"<\/p>\n<\/span><\/div><\/div><div id=\"div_block-680-1354-1\" class=\"ct-div-block image-wrapper attr-image\" data-id=\"div_block-680-1354\"><img decoding=\"async\" id=\"image-681-1354-1\" alt=\"\" src=\"https:\/\/noclegi-pobierowo.pl\/wp-content\/uploads\/2021\/09\/22-11-25-2146.jpg\" class=\"ct-image cover-image image-in\" data-aos=\"zoom-out\" data-aos-duration=\"1600\" data-aos-once=\"true\" data-id=\"image-681-1354\"><\/div><\/div><\/div><div id=\"div_block-661-1354-2\" class=\"ct-div-block attr\" data-id=\"div_block-661-1354\"><div id=\"div_block-674-1354-2\" class=\"ct-div-block\" data-id=\"div_block-674-1354\"><div id=\"div_block-675-1354-2\" class=\"ct-div-block attr-text\" data-id=\"div_block-675-1354\"><div id=\"div_block-676-1354-2\" class=\"ct-div-block\" data-id=\"div_block-676-1354\"><div id=\"text_block-677-1354-2\" class=\"ct-text-block subtitle\" data-id=\"text_block-677-1354\"><span id=\"span-809-1354\" class=\"ct-span\" >dla dzieci<\/span><\/div><div id=\"text_block-678-1354-2\" class=\"ct-text-block title\" data-aos=\"fade-left\" data-aos-duration=\"700\" data-aos-delay=\"200\" data-aos-once=\"true\" data-id=\"text_block-678-1354\"><span id=\"span-781-1354\" class=\"ct-span\" >Gigantyczne dmuchane place zabaw<\/span><\/div><\/div><div id=\"text_block-794-1354-2\" class=\"ct-text-block\" data-id=\"text_block-794-1354\"><span id=\"span-796-1354\" class=\"ct-span\" ><p>\u015awietna zabawa dla najm\u0142odszych.<\/p>\n<p>Na plac sk\u0142ada si\u0119: gigantyczna zje\u017cd\u017calnia, skocznie, suchy basen, przeszkody, trampoliny<\/p>\n<\/span><\/div><\/div><div id=\"div_block-680-1354-2\" class=\"ct-div-block image-wrapper attr-image\" data-id=\"div_block-680-1354\"><img decoding=\"async\" id=\"image-681-1354-2\" alt=\"\" src=\"https:\/\/noclegi-pobierowo.pl\/wp-content\/uploads\/2021\/09\/23-11-29-3371.jpg\" class=\"ct-image cover-image image-in\" data-aos=\"zoom-out\" data-aos-duration=\"1600\" data-aos-once=\"true\" data-id=\"image-681-1354\"><\/div><\/div><\/div><div id=\"div_block-661-1354-3\" class=\"ct-div-block attr\" data-id=\"div_block-661-1354\"><div id=\"div_block-674-1354-3\" class=\"ct-div-block\" data-id=\"div_block-674-1354\"><div id=\"div_block-675-1354-3\" class=\"ct-div-block attr-text\" data-id=\"div_block-675-1354\"><div id=\"div_block-676-1354-3\" class=\"ct-div-block\" data-id=\"div_block-676-1354\"><div id=\"text_block-677-1354-3\" class=\"ct-text-block subtitle\" data-id=\"text_block-677-1354\"><span id=\"span-809-1354\" class=\"ct-span\" >Zabytki<\/span><\/div><div id=\"text_block-678-1354-3\" class=\"ct-text-block title\" data-aos=\"fade-left\" data-aos-duration=\"700\" data-aos-delay=\"200\" data-aos-once=\"true\" data-id=\"text_block-678-1354\"><span id=\"span-781-1354\" class=\"ct-span\" >Ruiny gotyckiego ko\u015bcio\u0142a<\/span><\/div><\/div><div id=\"text_block-794-1354-3\" class=\"ct-text-block\" data-id=\"text_block-794-1354\"><span id=\"span-796-1354\" class=\"ct-span\" ><p>Po\u0142o\u017cenie nieopodal brzegu klifowego, dawniej dla mieszka\u0144c\u00f3w wcale nie stanowi\u0142o\u00a0atrakcji\u00a0i powodu do dumy. Wr\u0119cz przeciwnie, morze przy osadzie\u00a0Trz\u0119sacz\u00a0nazywano \u201etoni\u0105 umar\u0142ych\u201d. Wszystko to za spraw\u0105 proces\u00f3w erozyjnych, kt\u00f3re w tym miejscu by\u0142y niezwykle post\u0119puj\u0105ce.<\/p>\n<\/span><\/div><\/div><div id=\"div_block-680-1354-3\" class=\"ct-div-block image-wrapper attr-image\" data-id=\"div_block-680-1354\"><img decoding=\"async\" id=\"image-681-1354-3\" alt=\"\" src=\"https:\/\/noclegi-pobierowo.pl\/wp-content\/uploads\/2021\/09\/15-08-37-4551.jpg\" class=\"ct-image cover-image image-in\" data-aos=\"zoom-out\" data-aos-duration=\"1600\" data-aos-once=\"true\" data-id=\"image-681-1354\"><\/div><\/div><\/div><\/div>\n<\/div><\/section>","protected":false},"excerpt":{"rendered":"","protected":false},"author":1,"featured_media":0,"parent":0,"menu_order":0,"comment_status":"closed","ping_status":"closed","template":"","meta":{"footnotes":""},"class_list":["post-1354","page","type-page","status-publish","hentry"],"yoast_head":"<!-- This site is optimized with the Yoast SEO plugin v23.3 - https:\/\/yoast.com\/wordpress\/plugins\/seo\/ -->\n<title>Okolica - Polskie morze<\/title>\n<meta name=\"description\" content=\"W unikalnej lokalizacji i zabudowie nawi\u0105zuj\u0105cej do stylistyki skandynawskich dom\u00f3w drewnianych powsta\u0142 O\u015brodek Noclegowo - Wypoczynkowy Polskie Morze. To wymarzone miejsce wypoczynku dla wszystkich zm\u0119czonych wielkomiejskim gwarem, doceniaj\u0105cych pi\u0119kno przyrody nadmorskiego krajobrazu.\" \/>\n<meta name=\"robots\" content=\"index, follow, max-snippet:-1, max-image-preview:large, max-video-preview:-1\" \/>\n<link rel=\"canonical\" href=\"https:\/\/noclegi-pobierowo.pl\/en\/okolica\/\" \/>\n<meta property=\"og:locale\" content=\"en_US\" \/>\n<meta property=\"og:type\" content=\"article\" \/>\n<meta property=\"og:title\" content=\"Okolica - Polskie morze\" \/>\n<meta property=\"og:description\" content=\"W unikalnej lokalizacji i zabudowie nawi\u0105zuj\u0105cej do stylistyki skandynawskich dom\u00f3w drewnianych powsta\u0142 O\u015brodek Noclegowo - Wypoczynkowy Polskie Morze. To wymarzone miejsce wypoczynku dla wszystkich zm\u0119czonych wielkomiejskim gwarem, doceniaj\u0105cych pi\u0119kno przyrody nadmorskiego krajobrazu.\" \/>\n<meta property=\"og:url\" content=\"https:\/\/noclegi-pobierowo.pl\/en\/okolica\/\" \/>\n<meta property=\"og:site_name\" content=\"Polskie morze\" \/>\n<meta property=\"article:modified_time\" content=\"2021-09-28T07:31:56+00:00\" \/>\n<meta name=\"twitter:card\" content=\"summary_large_image\" \/>\n<script type=\"application\/ld+json\" class=\"yoast-schema-graph\">{\"@context\":\"https:\/\/schema.org\",\"@graph\":[{\"@type\":\"WebPage\",\"@id\":\"https:\/\/noclegi-pobierowo.pl\/okolica\",\"url\":\"https:\/\/noclegi-pobierowo.pl\/okolica\",\"name\":\"Okolica - Polskie morze\",\"isPartOf\":{\"@id\":\"https:\/\/noclegi-pobierowo.pl\/#website\"},\"datePublished\":\"2021-04-22T07:58:31+00:00\",\"dateModified\":\"2021-09-28T07:31:56+00:00\",\"description\":\"W unikalnej lokalizacji i zabudowie nawi\u0105zuj\u0105cej do stylistyki skandynawskich dom\u00f3w drewnianych powsta\u0142 O\u015brodek Noclegowo - Wypoczynkowy Polskie Morze. To wymarzone miejsce wypoczynku dla wszystkich zm\u0119czonych wielkomiejskim gwarem, doceniaj\u0105cych pi\u0119kno przyrody nadmorskiego krajobrazu.\",\"breadcrumb\":{\"@id\":\"https:\/\/noclegi-pobierowo.pl\/okolica#breadcrumb\"},\"inLanguage\":\"en-US\",\"potentialAction\":[{\"@type\":\"ReadAction\",\"target\":[\"https:\/\/noclegi-pobierowo.pl\/okolica\"]}]},{\"@type\":\"BreadcrumbList\",\"@id\":\"https:\/\/noclegi-pobierowo.pl\/okolica#breadcrumb\",\"itemListElement\":[{\"@type\":\"ListItem\",\"position\":1,\"name\":\"Strona g\u0142\u00f3wna\",\"item\":\"https:\/\/noclegi-pobierowo.pl\/\"},{\"@type\":\"ListItem\",\"position\":2,\"name\":\"Okolica\"}]},{\"@type\":\"WebSite\",\"@id\":\"https:\/\/noclegi-pobierowo.pl\/#website\",\"url\":\"https:\/\/noclegi-pobierowo.pl\/\",\"name\":\"Polskie morze\",\"description\":\"Pobierowo Noclegi\",\"potentialAction\":[{\"@type\":\"SearchAction\",\"target\":{\"@type\":\"EntryPoint\",\"urlTemplate\":\"https:\/\/noclegi-pobierowo.pl\/?s={search_term_string}\"},\"query-input\":\"required name=search_term_string\"}],\"inLanguage\":\"en-US\"}]}<\/script>\n<!-- \/ Yoast SEO plugin. -->","yoast_head_json":{"title":"Okolica - Polskie morze","description":"W unikalnej lokalizacji i zabudowie nawi\u0105zuj\u0105cej do stylistyki skandynawskich dom\u00f3w drewnianych powsta\u0142 O\u015brodek Noclegowo - Wypoczynkowy Polskie Morze. To wymarzone miejsce wypoczynku dla wszystkich zm\u0119czonych wielkomiejskim gwarem, doceniaj\u0105cych pi\u0119kno przyrody nadmorskiego krajobrazu.","robots":{"index":"index","follow":"follow","max-snippet":"max-snippet:-1","max-image-preview":"max-image-preview:large","max-video-preview":"max-video-preview:-1"},"canonical":"https:\/\/noclegi-pobierowo.pl\/en\/okolica\/","og_locale":"en_US","og_type":"article","og_title":"Okolica - Polskie morze","og_description":"W unikalnej lokalizacji i zabudowie nawi\u0105zuj\u0105cej do stylistyki skandynawskich dom\u00f3w drewnianych powsta\u0142 O\u015brodek Noclegowo - Wypoczynkowy Polskie Morze. To wymarzone miejsce wypoczynku dla wszystkich zm\u0119czonych wielkomiejskim gwarem, doceniaj\u0105cych pi\u0119kno przyrody nadmorskiego krajobrazu.","og_url":"https:\/\/noclegi-pobierowo.pl\/en\/okolica\/","og_site_name":"Polskie morze","article_modified_time":"2021-09-28T07:31:56+00:00","twitter_card":"summary_large_image","schema":{"@context":"https:\/\/schema.org","@graph":[{"@type":"WebPage","@id":"https:\/\/noclegi-pobierowo.pl\/okolica","url":"https:\/\/noclegi-pobierowo.pl\/okolica","name":"Okolica - Polskie morze","isPartOf":{"@id":"https:\/\/noclegi-pobierowo.pl\/#website"},"datePublished":"2021-04-22T07:58:31+00:00","dateModified":"2021-09-28T07:31:56+00:00","description":"W unikalnej lokalizacji i zabudowie nawi\u0105zuj\u0105cej do stylistyki skandynawskich dom\u00f3w drewnianych powsta\u0142 O\u015brodek Noclegowo - Wypoczynkowy Polskie Morze. To wymarzone miejsce wypoczynku dla wszystkich zm\u0119czonych wielkomiejskim gwarem, doceniaj\u0105cych pi\u0119kno przyrody nadmorskiego krajobrazu.","breadcrumb":{"@id":"https:\/\/noclegi-pobierowo.pl\/okolica#breadcrumb"},"inLanguage":"en-US","potentialAction":[{"@type":"ReadAction","target":["https:\/\/noclegi-pobierowo.pl\/okolica"]}]},{"@type":"BreadcrumbList","@id":"https:\/\/noclegi-pobierowo.pl\/okolica#breadcrumb","itemListElement":[{"@type":"ListItem","position":1,"name":"Strona g\u0142\u00f3wna","item":"https:\/\/noclegi-pobierowo.pl\/"},{"@type":"ListItem","position":2,"name":"Okolica"}]},{"@type":"WebSite","@id":"https:\/\/noclegi-pobierowo.pl\/#website","url":"https:\/\/noclegi-pobierowo.pl\/","name":"Polskie morze","description":"Pobierowo Noclegi","potentialAction":[{"@type":"SearchAction","target":{"@type":"EntryPoint","urlTemplate":"https:\/\/noclegi-pobierowo.pl\/?s={search_term_string}"},"query-input":"required name=search_term_string"}],"inLanguage":"en-US"}]}},"_links":{"self":[{"href":"https:\/\/noclegi-pobierowo.pl\/en\/wp-json\/wp\/v2\/pages\/1354"}],"collection":[{"href":"https:\/\/noclegi-pobierowo.pl\/en\/wp-json\/wp\/v2\/pages"}],"about":[{"href":"https:\/\/noclegi-pobierowo.pl\/en\/wp-json\/wp\/v2\/types\/page"}],"author":[{"embeddable":true,"href":"https:\/\/noclegi-pobierowo.pl\/en\/wp-json\/wp\/v2\/users\/1"}],"replies":[{"embeddable":true,"href":"https:\/\/noclegi-pobierowo.pl\/en\/wp-json\/wp\/v2\/comments?post=1354"}],"version-history":[{"count":28,"href":"https:\/\/noclegi-pobierowo.pl\/en\/wp-json\/wp\/v2\/pages\/1354\/revisions"}],"predecessor-version":[{"id":2003,"href":"https:\/\/noclegi-pobierowo.pl\/en\/wp-json\/wp\/v2\/pages\/1354\/revisions\/2003"}],"wp:attachment":[{"href":"https:\/\/noclegi-pobierowo.pl\/en\/wp-json\/wp\/v2\/media?parent=1354"}],"curies":[{"name":"wp","href":"https:\/\/api.w.org\/{rel}","templated":true}]}}